{"id":8,"date":"2021-04-19T09:48:22","date_gmt":"2021-04-19T09:48:22","guid":{"rendered":"https:\/\/inoxpacocallejon.es\/?page_id=8"},"modified":"2023-02-14T12:07:45","modified_gmt":"2023-02-14T12:07:45","slug":"inicio","status":"publish","type":"page","link":"https:\/\/inoxpacocallejon.es\/","title":{"rendered":"Nosotros"},"content":{"rendered":"\n<p>Aceros Inoxidables Paco Callej\u00f3n  es  una empresa que desde el a\u00f1o 1995 se dedica al sector de la carpinter\u00eda met\u00e1lica en acero inoxidable. Su dilatada experiencia apoyada por los numerosos trabajos realizados la convierten en una empresa referente en el campo de la metalister\u00eda en Ja\u00e9n. Entre otros trabajos, se realizan los siguientes:<\/p>\n\n\n\n<p>-Barandas para interiores y exteriores.<\/p>\n\n\n\n<p>-R\u00f3tulos.<\/p>\n\n\n\n<p>-Decoraci\u00f3n.<\/p>\n\n\n\n<p>-Instalaciones comerciales.<\/p>\n\n\n\n<p>-Tuber\u00edas sanitarias.<\/p>\n\n\n\n<p>-Mobiliario en acero inoxidable para industrias.<\/p>\n\n\n\n<p>&#8230;<\/p>\n\n\n\n<p><\/p>\n\n\n\n<p>La empresa dispone de un equipo humano cualificado, de una nave y un veh\u00edculo industrial que aseguran la calidad, el suministro y el montaje de todos los productos y trabajos que realiza. En cuanto a medios mec\u00e1nicos dispone entre otros de cizalla, plegadora, cilindradora, curvadora, punzonadora, servicio de corte&#8230;<\/p>\n\n\n\n<p>Si tiene alguna duda o necesita m\u00e1s informaci\u00f3n, no dude en ponerse en contacto con Paco Callej\u00f3n en el tel\u00e9fono 630 729 312.<\/p>\n\n\n\n<div class=\"wp-block-columns is-layout-flex wp-container-core-columns-is-layout-9d6595d7 wp-block-columns-is-layout-flex\">\n<div class=\"wp-block-column is-layout-flow wp-block-column-is-layout-flow\" style=\"flex-basis:100%\"><\/div>\n<\/div>\n\n\n\n<p><\/p>\n","protected":false},"excerpt":{"rendered":"<p>Aceros Inoxidables Paco Callej\u00f3n es una empresa que desde el a\u00f1o 1995 se dedica al sector de la carpinter\u00eda met\u00e1lica en acero inoxidable. Su dilatada experiencia apoyada por los numerosos trabajos realizados la convierten en una empresa referente en el campo de la metalister\u00eda en Ja\u00e9n. Entre otros trabajos, se realizan los siguientes: -Barandas para &hellip; <\/p>\n<p class=\"link-more\"><a href=\"https:\/\/inoxpacocallejon.es\/\" class=\"more-link\">Continuar leyendo<span class=\"screen-reader-text\"> \u00abNosotros\u00bb<\/span><\/a><\/p>\n","protected":false},"author":1,"featured_media":0,"parent":0,"menu_order":0,"comment_status":"closed","ping_status":"closed","template":"","meta":{"footnotes":""},"class_list":["post-8","page","type-page","status-publish","hentry"],"_links":{"self":[{"href":"https:\/\/inoxpacocallejon.es\/index.php?rest_route=\/wp\/v2\/pages\/8","targetHints":{"allow":["GET"]}}],"collection":[{"href":"https:\/\/inoxpacocallejon.es\/index.php?rest_route=\/wp\/v2\/pages"}],"about":[{"href":"https:\/\/inoxpacocallejon.es\/index.php?rest_route=\/wp\/v2\/types\/page"}],"author":[{"embeddable":true,"href":"https:\/\/inoxpacocallejon.es\/index.php?rest_route=\/wp\/v2\/users\/1"}],"replies":[{"embeddable":true,"href":"https:\/\/inoxpacocallejon.es\/index.php?rest_route=%2Fwp%2Fv2%2Fcomments&post=8"}],"version-history":[{"count":5,"href":"https:\/\/inoxpacocallejon.es\/index.php?rest_route=\/wp\/v2\/pages\/8\/revisions"}],"predecessor-version":[{"id":155,"href":"https:\/\/inoxpacocallejon.es\/index.php?rest_route=\/wp\/v2\/pages\/8\/revisions\/155"}],"wp:attachment":[{"href":"https:\/\/inoxpacocallejon.es\/index.php?rest_route=%2Fwp%2Fv2%2Fmedia&parent=8"}],"curies":[{"name":"wp","href":"https:\/\/api.w.org\/{rel}","templated":true}]}}